{"id":7615,"date":"2025-09-17T12:37:02","date_gmt":"2025-09-17T12:37:02","guid":{"rendered":"https:\/\/rc2tworld.net\/website\/?page_id=7615"},"modified":"2025-11-28T11:54:03","modified_gmt":"2025-11-28T10:54:03","slug":"a-propos","status":"publish","type":"page","link":"https:\/\/rc2tworld.net\/website\/a-propos\/","title":{"rendered":"\u00c0 Propos"},"content":{"rendered":"\t\t<div data-elementor-type=\"wp-page\" data-elementor-id=\"7615\" class=\"elementor elementor-7615\" data-elementor-post-type=\"page\">\n\t\t\t\t<div class=\"elementor-element elementor-element-b4826ca e-flex e-con-boxed e-con e-parent\" data-id=\"b4826ca\" data-element_type=\"container\">\n\t\t\t\t\t<div class=\"e-con-inner\">\n\t\t<div class=\"elementor-element elementor-element-cd7cf5f e-con-full e-flex e-con e-child\" data-id=\"cd7cf5f\" data-element_type=\"container\">\n\t\t\t\t<div class=\"elementor-element elementor-element-c23d6ca elementor-widget elementor-widget-spacer\" data-id=\"c23d6ca\" data-element_type=\"widget\" data-widget_type=\"spacer.default\">\n\t\t\t\t\t\t\t<div class=\"elementor-spacer\">\n\t\t\t<div class=\"elementor-spacer-inner\"><\/div>\n\t\t<\/div>\n\t\t\t\t\t\t<\/div>\n\t\t\t\t<div class=\"elementor-element elementor-element-c502c72 elementor-widget elementor-widget-heading\" data-id=\"c502c72\" data-element_type=\"widget\" data-widget_type=\"heading.default\">\n\t\t\t\t\t<h1 class=\"elementor-heading-title elementor-size-default\">Qui sommes-nous\u00a0<\/h1>\t\t\t\t<\/div>\n\t\t\t\t<div class=\"elementor-element elementor-element-2fde771 elementor-widget elementor-widget-text-editor\" data-id=\"2fde771\" data-element_type=\"widget\" data-widget_type=\"text-editor.default\">\n\t\t\t\t\t\t\t\t\t<p style=\"color: #161c2d;\">R\u00e9seau des Comp\u00e9tences Tunisiennes \u00e0 Toulouse<\/p>\n\t\t\t\t\t\t\t\t<\/div>\n\t\t\t\t<div class=\"elementor-element elementor-element-69afb6e elementor-widget-divider--view-line elementor-widget elementor-widget-divider\" data-id=\"69afb6e\" data-element_type=\"widget\" data-widget_type=\"divider.default\">\n\t\t\t\t\t\t\t<div class=\"elementor-divider\">\n\t\t\t<span class=\"elementor-divider-separator\">\n\t\t\t\t\t\t<\/span>\n\t\t<\/div>\n\t\t\t\t\t\t<\/div>\n\t\t\t\t<div class=\"elementor-element elementor-element-0e8b3b8 elementor-widget elementor-widget-heading\" data-id=\"0e8b3b8\" data-element_type=\"widget\" data-widget_type=\"heading.default\">\n\t\t\t\t\t<h1 class=\"elementor-heading-title elementor-size-default\">RCTT alias RC2T<\/h1>\t\t\t\t<\/div>\n\t\t\t\t<div class=\"elementor-element elementor-element-94c160d elementor-widget elementor-widget-text-editor\" data-id=\"94c160d\" data-element_type=\"widget\" data-widget_type=\"text-editor.default\">\n\t\t\t\t\t\t\t\t\t<p style=\"color: #161c2d;\">Le R\u00e9seau des Comp\u00e9tences Tunisiennes \u00e0 Toulouse (RCTT) est une association \u00e0 but non lucratif r\u00e9gie par la loi 1901. Elle a pour vocation de f\u00e9d\u00e9rer les comp\u00e9tences tunisiennes, en favorisant un espace d\u2019\u00e9change, de collaboration et de mise en r\u00e9seau professionnelle. L\u2019association \u0153uvre \u00e0 valoriser l\u2019expertise de ses membres tout en cr\u00e9ant des passerelles entre les talents, les projets et les opportunit\u00e9s, en France, en Tunisie et dans le monde.<\/p>\n\t\t\t\t\t\t\t\t<\/div>\n\t\t\t\t<div class=\"elementor-element elementor-element-3d94f36 elementor-widget elementor-widget-spacer\" data-id=\"3d94f36\" data-element_type=\"widget\" data-widget_type=\"spacer.default\">\n\t\t\t\t\t\t\t<div class=\"elementor-spacer\">\n\t\t\t<div class=\"elementor-spacer-inner\"><\/div>\n\t\t<\/div>\n\t\t\t\t\t\t<\/div>\n\t\t\t\t<\/div>\n\t\t<div class=\"elementor-element elementor-element-dcaee94 e-con-full elementor-hidden-mobile e-flex e-con e-child\" data-id=\"dcaee94\" data-element_type=\"container\" data-settings=\"{&quot;background_background&quot;:&quot;classic&quot;}\">\n\t\t\t\t<\/div>\n\t\t\t\t\t<\/div>\n\t\t\t\t<\/div>\n\t\t<div class=\"elementor-element elementor-element-9a3b82c e-flex e-con-boxed e-con e-parent\" data-id=\"9a3b82c\" data-element_type=\"container\">\n\t\t\t\t\t<div class=\"e-con-inner\">\n\t\t<div class=\"elementor-element elementor-element-a09d92c e-con-full e-flex e-con e-child\" data-id=\"a09d92c\" data-element_type=\"container\">\n\t\t\t\t<div class=\"elementor-element elementor-element-3c96368 elementor-widget elementor-widget-heading\" data-id=\"3c96368\" data-element_type=\"widget\" data-widget_type=\"heading.default\">\n\t\t\t\t\t<h1 class=\"elementor-heading-title elementor-size-default\">Nos Actions<\/h1>\t\t\t\t<\/div>\n\t\t\t\t<div class=\"elementor-element elementor-element-2b0a96c elementor-widget elementor-widget-text-editor\" data-id=\"2b0a96c\" data-element_type=\"widget\" data-widget_type=\"text-editor.default\">\n\t\t\t\t\t\t\t\t\t<p style=\"color: #161c2d;\">Au sein du RCTT, nous menons activement plusieurs initiatives ayant un impact concret sur la communaut\u00e9 tunisienne \u00e0 Toulouse. Trois actions majeures incarnent notre engagement et notre volont\u00e9 de faire rayonner les comp\u00e9tences tunisiennes :<\/p>\n\t\t\t\t\t\t\t\t<\/div>\n\t\t\t\t<\/div>\n\t\t<div class=\"elementor-element elementor-element-2a4ee9e e-con-full e-flex e-con e-child\" data-id=\"2a4ee9e\" data-element_type=\"container\">\n\t\t<div class=\"elementor-element elementor-element-83c424c e-con-full e-flex e-con e-child\" data-id=\"83c424c\" data-element_type=\"container\">\n\t\t\t\t<div class=\"elementor-element elementor-element-03993ea elementor-position-top elementor-widget elementor-widget-image-box\" data-id=\"03993ea\" data-element_type=\"widget\" data-widget_type=\"image-box.default\">\n\t\t\t\t\t<div class=\"elementor-image-box-wrapper\"><figure class=\"elementor-image-box-img\"><img decoding=\"async\" width=\"110\" height=\"110\" src=\"https:\/\/rc2tworld.net\/website\/wp-content\/uploads\/2025\/09\/imageedit_2_6577602575.png\" class=\"attachment-full size-full wp-image-7701\" alt=\"\" srcset=\"https:\/\/rc2tworld.net\/website\/wp-content\/uploads\/2025\/09\/imageedit_2_6577602575.png 110w, https:\/\/rc2tworld.net\/website\/wp-content\/uploads\/2025\/09\/imageedit_2_6577602575-50x50.png 50w\" sizes=\"(max-width: 110px) 100vw, 110px\" \/><\/figure><div class=\"elementor-image-box-content\"><h3 class=\"elementor-image-box-title\">Organisation d\u2019\u00e9v\u00e9nements professionnels et acad\u00e9miques<\/h3><p class=\"elementor-image-box-description\">Nous organisons des \u00e9v\u00e9nements pour favoriser le r\u00e9seautage, le partage de connaissances et la mise en valeur des talents tunisiens dans divers domaines.\u00a0<\/p><\/div><\/div>\t\t\t\t<\/div>\n\t\t\t\t<\/div>\n\t\t<div class=\"elementor-element elementor-element-f61b7df e-con-full e-flex e-con e-child\" data-id=\"f61b7df\" data-element_type=\"container\">\n\t\t\t\t<div class=\"elementor-element elementor-element-5f5082a elementor-position-top elementor-widget elementor-widget-image-box\" data-id=\"5f5082a\" data-element_type=\"widget\" data-widget_type=\"image-box.default\">\n\t\t\t\t\t<div class=\"elementor-image-box-wrapper\"><figure class=\"elementor-image-box-img\"><img decoding=\"async\" width=\"119\" height=\"119\" src=\"https:\/\/rc2tworld.net\/website\/wp-content\/uploads\/2025\/09\/Icon_accompagnement-1.png\" class=\"attachment-full size-full wp-image-7686\" alt=\"\" srcset=\"https:\/\/rc2tworld.net\/website\/wp-content\/uploads\/2025\/09\/Icon_accompagnement-1.png 119w, https:\/\/rc2tworld.net\/website\/wp-content\/uploads\/2025\/09\/Icon_accompagnement-1-50x50.png 50w\" sizes=\"(max-width: 119px) 100vw, 119px\" \/><\/figure><div class=\"elementor-image-box-content\"><h3 class=\"elementor-image-box-title\">Accompagnement des \u00e9tudiants et nouveaux arrivants<\/h3><p class=\"elementor-image-box-description\">Nous offrons un soutien aux \u00e9tudiants et aux nouveaux arrivants, les aidant \u00e0 s'int\u00e9grer dans la communaut\u00e9 et \u00e0 d\u00e9velopper leurs comp\u00e9tences professionnelles.<\/p><\/div><\/div>\t\t\t\t<\/div>\n\t\t\t\t<\/div>\n\t\t<div class=\"elementor-element elementor-element-d9a0536 e-con-full e-flex e-con e-child\" data-id=\"d9a0536\" data-element_type=\"container\">\n\t\t\t\t<div class=\"elementor-element elementor-element-d3acdca elementor-position-top elementor-widget elementor-widget-image-box\" data-id=\"d3acdca\" data-element_type=\"widget\" data-widget_type=\"image-box.default\">\n\t\t\t\t\t<div class=\"elementor-image-box-wrapper\"><figure class=\"elementor-image-box-img\"><img decoding=\"async\" width=\"122\" height=\"122\" src=\"https:\/\/rc2tworld.net\/website\/wp-content\/uploads\/2025\/09\/teamwork-1.png\" class=\"attachment-full size-full wp-image-7685\" alt=\"\" srcset=\"https:\/\/rc2tworld.net\/website\/wp-content\/uploads\/2025\/09\/teamwork-1.png 122w, https:\/\/rc2tworld.net\/website\/wp-content\/uploads\/2025\/09\/teamwork-1-50x50.png 50w\" sizes=\"(max-width: 122px) 100vw, 122px\" \/><\/figure><div class=\"elementor-image-box-content\"><h3 class=\"elementor-image-box-title\">Collaboration avec des institutions tunisiennes et fran\u00e7aises<\/h3><p class=\"elementor-image-box-description\">Nous \u00e9tablissons des partenariats avec des institutions locales et internationales afin de cr\u00e9er des opportunit\u00e9s d\u2019\u00e9changes et de collaborations durables pour nos membres.\u00a0<\/p><\/div><\/div>\t\t\t\t<\/div>\n\t\t\t\t<\/div>\n\t\t\t\t<\/div>\n\t\t\t\t\t<\/div>\n\t\t\t\t<\/div>\n\t\t<div class=\"elementor-element elementor-element-201943a e-flex e-con-boxed e-con e-parent\" data-id=\"201943a\" data-element_type=\"container\">\n\t\t\t\t\t<div class=\"e-con-inner\">\n\t\t<div class=\"elementor-element elementor-element-cea41eb e-con-full e-flex e-con e-child\" data-id=\"cea41eb\" data-element_type=\"container\">\n\t\t\t\t<div class=\"elementor-element elementor-element-57afa17 elementor-widget elementor-widget-heading\" data-id=\"57afa17\" data-element_type=\"widget\" data-widget_type=\"heading.default\">\n\t\t\t\t\t<h1 class=\"elementor-heading-title elementor-size-default\">Fonctionnement<\/h1>\t\t\t\t<\/div>\n\t\t\t\t<\/div>\n\t\t<div class=\"elementor-element elementor-element-e824aea e-con-full e-flex e-con e-child\" data-id=\"e824aea\" data-element_type=\"container\">\n\t\t<div class=\"elementor-element elementor-element-168d882 e-con-full e-flex e-con e-child\" data-id=\"168d882\" data-element_type=\"container\">\n\t\t\t\t<div class=\"elementor-element elementor-element-4b1e610 elementor-widget elementor-widget-image\" data-id=\"4b1e610\" data-element_type=\"widget\" data-widget_type=\"image.default\">\n\t\t\t\t\t\t\t\t\t\t\t\t\t\t\t<img loading=\"lazy\" decoding=\"async\" width=\"544\" height=\"318\" src=\"https:\/\/rc2tworld.net\/website\/wp-content\/uploads\/2025\/09\/480566219_949563630637609_2487236801149474769_n-768x466-1.png\" class=\"attachment-large size-large wp-image-7706\" alt=\"\" srcset=\"https:\/\/rc2tworld.net\/website\/wp-content\/uploads\/2025\/09\/480566219_949563630637609_2487236801149474769_n-768x466-1.png 544w, https:\/\/rc2tworld.net\/website\/wp-content\/uploads\/2025\/09\/480566219_949563630637609_2487236801149474769_n-768x466-1-300x175.png 300w, https:\/\/rc2tworld.net\/website\/wp-content\/uploads\/2025\/09\/480566219_949563630637609_2487236801149474769_n-768x466-1-350x204.png 350w\" sizes=\"(max-width: 544px) 100vw, 544px\" \/>\t\t\t\t\t\t\t\t\t\t\t\t\t\t\t<\/div>\n\t\t\t\t<div class=\"elementor-element elementor-element-9a82646 elementor-widget elementor-widget-text-editor\" data-id=\"9a82646\" data-element_type=\"widget\" data-widget_type=\"text-editor.default\">\n\t\t\t\t\t\t\t\t\t<p style=\"color: #161c2d;\">Le R\u00e9seau des Comp\u00e9tences Tunisiennes \u00e0 Toulouse (RCTT) est une organisation d\u00e9mocratique et transparente, dirig\u00e9e par un Bureau Ex\u00e9cutif et un Conseil d\u2019Administration, tous deux \u00e9lus par les membres de l\u2019association. Ces instances assurent une gouvernance participative et une gestion rigoureuse des activit\u00e9s, dans un esprit de coll\u00e9gialit\u00e9 et d\u2019engagement au service de la communaut\u00e9.<\/p>\n\t\t\t\t\t\t\t\t<\/div>\n\t\t\t\t<\/div>\n\t\t<div class=\"elementor-element elementor-element-4ba9648 e-con-full e-flex e-con e-child\" data-id=\"4ba9648\" data-element_type=\"container\">\n\t\t\t\t<div class=\"elementor-element elementor-element-590510b elementor-widget elementor-widget-image\" data-id=\"590510b\" data-element_type=\"widget\" data-widget_type=\"image.default\">\n\t\t\t\t\t\t\t\t\t\t\t\t\t\t\t<img loading=\"lazy\" decoding=\"async\" width=\"544\" height=\"318\" src=\"https:\/\/rc2tworld.net\/website\/wp-content\/uploads\/2025\/09\/471164240_122157051332283993_436706017497517019_n-768x513-2.png\" class=\"attachment-large size-large wp-image-7707\" alt=\"\" srcset=\"https:\/\/rc2tworld.net\/website\/wp-content\/uploads\/2025\/09\/471164240_122157051332283993_436706017497517019_n-768x513-2.png 544w, https:\/\/rc2tworld.net\/website\/wp-content\/uploads\/2025\/09\/471164240_122157051332283993_436706017497517019_n-768x513-2-300x175.png 300w, https:\/\/rc2tworld.net\/website\/wp-content\/uploads\/2025\/09\/471164240_122157051332283993_436706017497517019_n-768x513-2-350x204.png 350w\" sizes=\"(max-width: 544px) 100vw, 544px\" \/>\t\t\t\t\t\t\t\t\t\t\t\t\t\t\t<\/div>\n\t\t\t\t<div class=\"elementor-element elementor-element-1d32761 elementor-widget elementor-widget-text-editor\" data-id=\"1d32761\" data-element_type=\"widget\" data-widget_type=\"text-editor.default\">\n\t\t\t\t\t\t\t\t\t<p style=\"color: #161c2d;\">Le Bureau Ex\u00e9cutif est responsable de la gestion quotidienne, de la planification et de l\u2019ex\u00e9cution des projets, tandis que le Conseil d&#8217;Administration assure la supervision et la validation des grandes orientations strat\u00e9giques. Cette organisation garantit un \u00e9quilibre optimal entre les d\u00e9cisions op\u00e9rationnelles imm\u00e9diates et la vision \u00e0 long terme de l\u2019association.<\/p>\n\t\t\t\t\t\t\t\t<\/div>\n\t\t\t\t<\/div>\n\t\t\t\t<\/div>\n\t\t\t\t\t<\/div>\n\t\t\t\t<\/div>\n\t\t\t\t<\/div>\n\t\t","protected":false},"excerpt":{"rendered":"<p>Qui sommes-nous\u00a0 R\u00e9seau des Comp\u00e9tences Tunisiennes \u00e0 Toulouse RCTT alias RC2T Le R\u00e9seau des Comp\u00e9tences Tunisiennes \u00e0 Toulouse (RCTT) est une association \u00e0 but non lucratif r\u00e9gie par la loi<\/p>\n","protected":false},"author":1,"featured_media":0,"parent":0,"menu_order":0,"comment_status":"closed","ping_status":"closed","template":"","meta":{"footnotes":""},"class_list":["post-7615","page","type-page","status-publish","hentry"],"_links":{"self":[{"href":"https:\/\/rc2tworld.net\/website\/wp-json\/wp\/v2\/pages\/7615","targetHints":{"allow":["GET"]}}],"collection":[{"href":"https:\/\/rc2tworld.net\/website\/wp-json\/wp\/v2\/pages"}],"about":[{"href":"https:\/\/rc2tworld.net\/website\/wp-json\/wp\/v2\/types\/page"}],"author":[{"embeddable":true,"href":"https:\/\/rc2tworld.net\/website\/wp-json\/wp\/v2\/users\/1"}],"replies":[{"embeddable":true,"href":"https:\/\/rc2tworld.net\/website\/wp-json\/wp\/v2\/comments?post=7615"}],"version-history":[{"count":87,"href":"https:\/\/rc2tworld.net\/website\/wp-json\/wp\/v2\/pages\/7615\/revisions"}],"predecessor-version":[{"id":8439,"href":"https:\/\/rc2tworld.net\/website\/wp-json\/wp\/v2\/pages\/7615\/revisions\/8439"}],"wp:attachment":[{"href":"https:\/\/rc2tworld.net\/website\/wp-json\/wp\/v2\/media?parent=7615"}],"curies":[{"name":"wp","href":"https:\/\/api.w.org\/{rel}","templated":true}]}}