{"id":7718,"date":"2025-09-17T15:40:32","date_gmt":"2025-09-17T15:40:32","guid":{"rendered":"https:\/\/rc2tworld.net\/website\/?page_id=7718"},"modified":"2025-12-02T09:09:00","modified_gmt":"2025-12-02T08:09:00","slug":"nos-partenaires","status":"publish","type":"page","link":"https:\/\/rc2tworld.net\/website\/nos-partenaires\/","title":{"rendered":"Nos partenaires"},"content":{"rendered":"\t\t<div data-elementor-type=\"wp-page\" data-elementor-id=\"7718\" class=\"elementor elementor-7718\" data-elementor-post-type=\"page\">\n\t\t\t\t<div class=\"elementor-element elementor-element-b4826ca e-flex e-con-boxed e-con e-parent\" data-id=\"b4826ca\" data-element_type=\"container\">\n\t\t\t\t\t<div class=\"e-con-inner\">\n\t\t<div class=\"elementor-element elementor-element-cd7cf5f e-con-full e-flex e-con e-child\" data-id=\"cd7cf5f\" data-element_type=\"container\">\n\t\t\t\t<div class=\"elementor-element elementor-element-c23d6ca elementor-widget elementor-widget-spacer\" data-id=\"c23d6ca\" data-element_type=\"widget\" data-widget_type=\"spacer.default\">\n\t\t\t\t\t\t\t<div class=\"elementor-spacer\">\n\t\t\t<div class=\"elementor-spacer-inner\"><\/div>\n\t\t<\/div>\n\t\t\t\t\t\t<\/div>\n\t\t\t\t<div class=\"elementor-element elementor-element-c502c72 elementor-widget elementor-widget-heading\" data-id=\"c502c72\" data-element_type=\"widget\" data-widget_type=\"heading.default\">\n\t\t\t\t\t<h1 class=\"elementor-heading-title elementor-size-default\">Nos Sponsors<\/h1>\t\t\t\t<\/div>\n\t\t\t\t<div class=\"elementor-element elementor-element-2fde771 elementor-widget elementor-widget-text-editor\" data-id=\"2fde771\" data-element_type=\"widget\" data-widget_type=\"text-editor.default\">\n\t\t\t\t\t\t\t\t\t<p style=\"color: #161c2d;\">Nos sponsors sont bien plus que des partenaires financiers. Gr\u00e2ce \u00e0 leur soutien, Connect Tunisia a pu donner vie \u00e0 une vision ambitieuse, cr\u00e9er des opportunit\u00e9s pour les jeunes, et faire rayonner la technologie et l\u2019innovation dans tout le pays<\/p>\n\t\t\t\t\t\t\t\t<\/div>\n\t\t\t\t<div class=\"elementor-element elementor-element-69afb6e elementor-widget-divider--view-line elementor-widget elementor-widget-divider\" data-id=\"69afb6e\" data-element_type=\"widget\" data-widget_type=\"divider.default\">\n\t\t\t\t\t\t\t<div class=\"elementor-divider\">\n\t\t\t<span class=\"elementor-divider-separator\">\n\t\t\t\t\t\t<\/span>\n\t\t<\/div>\n\t\t\t\t\t\t<\/div>\n\t\t\t\t<div class=\"elementor-element elementor-element-0e8b3b8 elementor-widget elementor-widget-heading\" data-id=\"0e8b3b8\" data-element_type=\"widget\" data-widget_type=\"heading.default\">\n\t\t\t\t\t<h1 class=\"elementor-heading-title elementor-size-default\">Comment devenir Sponsor ?<\/h1>\t\t\t\t<\/div>\n\t\t\t\t<div class=\"elementor-element elementor-element-94c160d elementor-widget elementor-widget-text-editor\" data-id=\"94c160d\" data-element_type=\"widget\" data-widget_type=\"text-editor.default\">\n\t\t\t\t\t\t\t\t\t<p style=\"color: #161c2d;\">Nous accueillons toute entreprise, organisation ou institution souhaitant soutenir notre mission \u00e0 travers l\u2019un des trois niveaux de sponsoring<\/p>\n\t\t\t\t\t\t\t\t<\/div>\n\t\t\t\t<div class=\"elementor-element elementor-element-82b698c elementor-widget elementor-widget-button\" data-id=\"82b698c\" data-element_type=\"widget\" data-widget_type=\"button.default\">\n\t\t\t\t\t\t\t\t\t\t<a class=\"elementor-button elementor-button-link elementor-size-sm\" href=\"https:\/\/rc2tworld.net\/website\/contact\/\">\n\t\t\t\t\t\t<span class=\"elementor-button-content-wrapper\">\n\t\t\t\t\t\t<span class=\"elementor-button-icon\">\n\t\t\t\t<svg aria-hidden=\"true\" class=\"e-font-icon-svg e-fas-arrow-right\" viewBox=\"0 0 448 512\" xmlns=\"http:\/\/www.w3.org\/2000\/svg\"><path d=\"M190.5 66.9l22.2-22.2c9.4-9.4 24.6-9.4 33.9 0L441 239c9.4 9.4 9.4 24.6 0 33.9L246.6 467.3c-9.4 9.4-24.6 9.4-33.9 0l-22.2-22.2c-9.5-9.5-9.3-25 .4-34.3L311.4 296H24c-13.3 0-24-10.7-24-24v-32c0-13.3 10.7-24 24-24h287.4L190.9 101.2c-9.8-9.3-10-24.8-.4-34.3z\"><\/path><\/svg>\t\t\t<\/span>\n\t\t\t\t\t\t\t\t\t<span class=\"elementor-button-text\">Devenir Sponsor<\/span>\n\t\t\t\t\t<\/span>\n\t\t\t\t\t<\/a>\n\t\t\t\t\t\t\t\t<\/div>\n\t\t\t\t<div class=\"elementor-element elementor-element-3d94f36 elementor-widget elementor-widget-spacer\" data-id=\"3d94f36\" data-element_type=\"widget\" data-widget_type=\"spacer.default\">\n\t\t\t\t\t\t\t<div class=\"elementor-spacer\">\n\t\t\t<div class=\"elementor-spacer-inner\"><\/div>\n\t\t<\/div>\n\t\t\t\t\t\t<\/div>\n\t\t\t\t<\/div>\n\t\t<div class=\"elementor-element elementor-element-dcaee94 e-con-full e-flex e-con e-child\" data-id=\"dcaee94\" data-element_type=\"container\" data-settings=\"{&quot;background_background&quot;:&quot;classic&quot;}\">\n\t\t\t\t<\/div>\n\t\t\t\t\t<\/div>\n\t\t\t\t<\/div>\n\t\t<div class=\"elementor-element elementor-element-9a3b82c e-flex e-con-boxed e-con e-parent\" data-id=\"9a3b82c\" data-element_type=\"container\">\n\t\t\t\t\t<div class=\"e-con-inner\">\n\t\t<div class=\"elementor-element elementor-element-a09d92c e-con-full e-flex e-con e-child\" data-id=\"a09d92c\" data-element_type=\"container\">\n\t\t\t\t<div class=\"elementor-element elementor-element-15355e0 elementor-widget elementor-widget-gallery\" data-id=\"15355e0\" data-element_type=\"widget\" data-settings=\"{&quot;gallery_layout&quot;:&quot;justified&quot;,&quot;ideal_row_height&quot;:{&quot;unit&quot;:&quot;px&quot;,&quot;size&quot;:125,&quot;sizes&quot;:[]},&quot;gap&quot;:{&quot;unit&quot;:&quot;px&quot;,&quot;size&quot;:40,&quot;sizes&quot;:[]},&quot;lazyload&quot;:&quot;yes&quot;,&quot;ideal_row_height_tablet&quot;:{&quot;unit&quot;:&quot;px&quot;,&quot;size&quot;:150,&quot;sizes&quot;:[]},&quot;ideal_row_height_mobile&quot;:{&quot;unit&quot;:&quot;px&quot;,&quot;size&quot;:150,&quot;sizes&quot;:[]},&quot;gap_tablet&quot;:{&quot;unit&quot;:&quot;px&quot;,&quot;size&quot;:10,&quot;sizes&quot;:[]},&quot;gap_mobile&quot;:{&quot;unit&quot;:&quot;px&quot;,&quot;size&quot;:10,&quot;sizes&quot;:[]},&quot;link_to&quot;:&quot;file&quot;,&quot;overlay_background&quot;:&quot;yes&quot;,&quot;content_hover_animation&quot;:&quot;fade-in&quot;}\" data-widget_type=\"gallery.default\">\n\t\t\t\t\t\t\t<div class=\"elementor-gallery__container\">\n\t\t\t\t\t\t\t<a class=\"e-gallery-item elementor-gallery-item elementor-animated-content\" href=\"https:\/\/rc2tworld.net\/website\/wp-content\/uploads\/2025\/09\/22-2.png\" data-elementor-open-lightbox=\"yes\" data-elementor-lightbox-slideshow=\"15355e0\" data-elementor-lightbox-title=\"22 2\" data-e-action-hash=\"#elementor-action%3Aaction%3Dlightbox%26settings%3DeyJpZCI6NzU1MSwidXJsIjoiaHR0cHM6XC9cL3JjMnR3b3JsZC5uZXRcL3dlYnNpdGVcL3dwLWNvbnRlbnRcL3VwbG9hZHNcLzIwMjVcLzA5XC8yMi0yLnBuZyIsInNsaWRlc2hvdyI6IjE1MzU1ZTAifQ%3D%3D\">\n\t\t\t\t\t<div class=\"e-gallery-image elementor-gallery-item__image\" data-thumbnail=\"https:\/\/rc2tworld.net\/website\/wp-content\/uploads\/2025\/09\/22-2-300x130.png\" data-width=\"300\" data-height=\"130\" aria-label=\"\" role=\"img\" ><\/div>\n\t\t\t\t\t\t\t\t\t\t\t<div class=\"elementor-gallery-item__overlay\"><\/div>\n\t\t\t\t\t\t\t\t\t\t\t\t\t\t<\/a>\n\t\t\t\t\t\t\t<a class=\"e-gallery-item elementor-gallery-item elementor-animated-content\" href=\"https:\/\/rc2tworld.net\/website\/wp-content\/uploads\/2025\/09\/Group-19.png\" data-elementor-open-lightbox=\"yes\" data-elementor-lightbox-slideshow=\"15355e0\" data-elementor-lightbox-title=\"Group 19\" data-e-action-hash=\"#elementor-action%3Aaction%3Dlightbox%26settings%3DeyJpZCI6NzY1NCwidXJsIjoiaHR0cHM6XC9cL3JjMnR3b3JsZC5uZXRcL3dlYnNpdGVcL3dwLWNvbnRlbnRcL3VwbG9hZHNcLzIwMjVcLzA5XC9Hcm91cC0xOS5wbmciLCJzbGlkZXNob3ciOiIxNTM1NWUwIn0%3D\">\n\t\t\t\t\t<div class=\"e-gallery-image elementor-gallery-item__image\" data-thumbnail=\"https:\/\/rc2tworld.net\/website\/wp-content\/uploads\/2025\/09\/Group-19.png\" data-width=\"245\" data-height=\"134\" aria-label=\"\" role=\"img\" ><\/div>\n\t\t\t\t\t\t\t\t\t\t\t<div class=\"elementor-gallery-item__overlay\"><\/div>\n\t\t\t\t\t\t\t\t\t\t\t\t\t\t<\/a>\n\t\t\t\t\t\t\t<a class=\"e-gallery-item elementor-gallery-item elementor-animated-content\" href=\"https:\/\/rc2tworld.net\/website\/wp-content\/uploads\/2025\/09\/LOGO-RKF-HD-OR-e1746392184583-1.png\" data-elementor-open-lightbox=\"yes\" data-elementor-lightbox-slideshow=\"15355e0\" data-elementor-lightbox-title=\"LOGO-RKF-HD-OR-e1746392184583 1\" data-e-action-hash=\"#elementor-action%3Aaction%3Dlightbox%26settings%3DeyJpZCI6Nzc0MywidXJsIjoiaHR0cHM6XC9cL3JjMnR3b3JsZC5uZXRcL3dlYnNpdGVcL3dwLWNvbnRlbnRcL3VwbG9hZHNcLzIwMjVcLzA5XC9MT0dPLVJLRi1IRC1PUi1lMTc0NjM5MjE4NDU4My0xLnBuZyIsInNsaWRlc2hvdyI6IjE1MzU1ZTAifQ%3D%3D\">\n\t\t\t\t\t<div class=\"e-gallery-image elementor-gallery-item__image\" data-thumbnail=\"https:\/\/rc2tworld.net\/website\/wp-content\/uploads\/2025\/09\/LOGO-RKF-HD-OR-e1746392184583-1.png\" data-width=\"156\" data-height=\"138\" aria-label=\"\" role=\"img\" ><\/div>\n\t\t\t\t\t\t\t\t\t\t\t<div class=\"elementor-gallery-item__overlay\"><\/div>\n\t\t\t\t\t\t\t\t\t\t\t\t\t\t<\/a>\n\t\t\t\t\t\t\t<a class=\"e-gallery-item elementor-gallery-item elementor-animated-content\" href=\"https:\/\/rc2tworld.net\/website\/wp-content\/uploads\/2025\/09\/LOGO-OFII-768x666-1.png\" data-elementor-open-lightbox=\"yes\" data-elementor-lightbox-slideshow=\"15355e0\" data-elementor-lightbox-title=\"LOGO-OFII-768x666 1\" data-e-action-hash=\"#elementor-action%3Aaction%3Dlightbox%26settings%3DeyJpZCI6NzUzMiwidXJsIjoiaHR0cHM6XC9cL3JjMnR3b3JsZC5uZXRcL3dlYnNpdGVcL3dwLWNvbnRlbnRcL3VwbG9hZHNcLzIwMjVcLzA5XC9MT0dPLU9GSUktNzY4eDY2Ni0xLnBuZyIsInNsaWRlc2hvdyI6IjE1MzU1ZTAifQ%3D%3D\">\n\t\t\t\t\t<div class=\"e-gallery-image elementor-gallery-item__image\" data-thumbnail=\"https:\/\/rc2tworld.net\/website\/wp-content\/uploads\/2025\/09\/LOGO-OFII-768x666-1.png\" data-width=\"130\" data-height=\"113\" aria-label=\"\" role=\"img\" ><\/div>\n\t\t\t\t\t\t\t\t\t\t\t<div class=\"elementor-gallery-item__overlay\"><\/div>\n\t\t\t\t\t\t\t\t\t\t\t\t\t\t<\/a>\n\t\t\t\t\t\t\t<a class=\"e-gallery-item elementor-gallery-item elementor-animated-content\" href=\"https:\/\/rc2tworld.net\/website\/wp-content\/uploads\/2025\/09\/24-768x765-1.png\" data-elementor-open-lightbox=\"yes\" data-elementor-lightbox-slideshow=\"15355e0\" data-elementor-lightbox-title=\"24-768x765 1\" data-e-action-hash=\"#elementor-action%3Aaction%3Dlightbox%26settings%3DeyJpZCI6Nzc0NCwidXJsIjoiaHR0cHM6XC9cL3JjMnR3b3JsZC5uZXRcL3dlYnNpdGVcL3dwLWNvbnRlbnRcL3VwbG9hZHNcLzIwMjVcLzA5XC8yNC03Njh4NzY1LTEucG5nIiwic2xpZGVzaG93IjoiMTUzNTVlMCJ9\">\n\t\t\t\t\t<div class=\"e-gallery-image elementor-gallery-item__image\" data-thumbnail=\"https:\/\/rc2tworld.net\/website\/wp-content\/uploads\/2025\/09\/24-768x765-1.png\" data-width=\"138\" data-height=\"138\" aria-label=\"\" role=\"img\" ><\/div>\n\t\t\t\t\t\t\t\t\t\t\t<div class=\"elementor-gallery-item__overlay\"><\/div>\n\t\t\t\t\t\t\t\t\t\t\t\t\t\t<\/a>\n\t\t\t\t\t\t\t<a class=\"e-gallery-item elementor-gallery-item elementor-animated-content\" href=\"https:\/\/rc2tworld.net\/website\/wp-content\/uploads\/2025\/09\/Group-17.png\" data-elementor-open-lightbox=\"yes\" data-elementor-lightbox-slideshow=\"15355e0\" data-elementor-lightbox-title=\"Group 17\" data-e-action-hash=\"#elementor-action%3Aaction%3Dlightbox%26settings%3DeyJpZCI6NzY1MiwidXJsIjoiaHR0cHM6XC9cL3JjMnR3b3JsZC5uZXRcL3dlYnNpdGVcL3dwLWNvbnRlbnRcL3VwbG9hZHNcLzIwMjVcLzA5XC9Hcm91cC0xNy5wbmciLCJzbGlkZXNob3ciOiIxNTM1NWUwIn0%3D\">\n\t\t\t\t\t<div class=\"e-gallery-image elementor-gallery-item__image\" data-thumbnail=\"https:\/\/rc2tworld.net\/website\/wp-content\/uploads\/2025\/09\/Group-17.png\" data-width=\"245\" data-height=\"134\" aria-label=\"\" role=\"img\" ><\/div>\n\t\t\t\t\t\t\t\t\t\t\t<div class=\"elementor-gallery-item__overlay\"><\/div>\n\t\t\t\t\t\t\t\t\t\t\t\t\t\t<\/a>\n\t\t\t\t\t\t\t<a class=\"e-gallery-item elementor-gallery-item elementor-animated-content\" href=\"https:\/\/rc2tworld.net\/website\/wp-content\/uploads\/2025\/09\/Swisscontact_logo_positive_rgb-1024x365-1.png\" data-elementor-open-lightbox=\"yes\" data-elementor-lightbox-slideshow=\"15355e0\" data-elementor-lightbox-title=\"Swisscontact_logo_positive_rgb-1024x365 1\" data-e-action-hash=\"#elementor-action%3Aaction%3Dlightbox%26settings%3DeyJpZCI6NzUzMywidXJsIjoiaHR0cHM6XC9cL3JjMnR3b3JsZC5uZXRcL3dlYnNpdGVcL3dwLWNvbnRlbnRcL3VwbG9hZHNcLzIwMjVcLzA5XC9Td2lzc2NvbnRhY3RfbG9nb19wb3NpdGl2ZV9yZ2ItMTAyNHgzNjUtMS5wbmciLCJzbGlkZXNob3ciOiIxNTM1NWUwIn0%3D\">\n\t\t\t\t\t<div class=\"e-gallery-image elementor-gallery-item__image\" data-thumbnail=\"https:\/\/rc2tworld.net\/website\/wp-content\/uploads\/2025\/09\/Swisscontact_logo_positive_rgb-1024x365-1.png\" data-width=\"266\" data-height=\"95\" aria-label=\"\" role=\"img\" ><\/div>\n\t\t\t\t\t\t\t\t\t\t\t<div class=\"elementor-gallery-item__overlay\"><\/div>\n\t\t\t\t\t\t\t\t\t\t\t\t\t\t<\/a>\n\t\t\t\t\t\t\t<a class=\"e-gallery-item elementor-gallery-item elementor-animated-content\" href=\"https:\/\/rc2tworld.net\/website\/wp-content\/uploads\/2025\/11\/Group-37.png\" data-elementor-open-lightbox=\"yes\" data-elementor-lightbox-slideshow=\"15355e0\" data-elementor-lightbox-title=\"Ratnafy Agency\" data-e-action-hash=\"#elementor-action%3Aaction%3Dlightbox%26settings%3DeyJpZCI6ODIyMywidXJsIjoiaHR0cHM6XC9cL3JjMnR3b3JsZC5uZXRcL3dlYnNpdGVcL3dwLWNvbnRlbnRcL3VwbG9hZHNcLzIwMjVcLzExXC9Hcm91cC0zNy5wbmciLCJzbGlkZXNob3ciOiIxNTM1NWUwIn0%3D\">\n\t\t\t\t\t<div class=\"e-gallery-image elementor-gallery-item__image\" data-thumbnail=\"https:\/\/rc2tworld.net\/website\/wp-content\/uploads\/2025\/11\/Group-37.png\" data-width=\"245\" data-height=\"134\" aria-label=\"Logo de Ratnafy Agency, agence partenaire de RC2T pour la communication et le d\u00e9veloppement digital.\" role=\"img\" ><\/div>\n\t\t\t\t\t\t\t\t\t\t\t<div class=\"elementor-gallery-item__overlay\"><\/div>\n\t\t\t\t\t\t\t\t\t\t\t\t\t\t<\/a>\n\t\t\t\t\t\t\t<a class=\"e-gallery-item elementor-gallery-item elementor-animated-content\" href=\"https:\/\/rc2tworld.net\/website\/wp-content\/uploads\/2025\/09\/logo-1.png\" data-elementor-open-lightbox=\"yes\" data-elementor-lightbox-slideshow=\"15355e0\" data-elementor-lightbox-title=\"logo 1\" data-e-action-hash=\"#elementor-action%3Aaction%3Dlightbox%26settings%3DeyJpZCI6NzUyMCwidXJsIjoiaHR0cHM6XC9cL3JjMnR3b3JsZC5uZXRcL3dlYnNpdGVcL3dwLWNvbnRlbnRcL3VwbG9hZHNcLzIwMjVcLzA5XC9sb2dvLTEucG5nIiwic2xpZGVzaG93IjoiMTUzNTVlMCJ9\">\n\t\t\t\t\t<div class=\"e-gallery-image elementor-gallery-item__image\" data-thumbnail=\"https:\/\/rc2tworld.net\/website\/wp-content\/uploads\/2025\/09\/logo-1.png\" data-width=\"200\" data-height=\"84\" aria-label=\"\" role=\"img\" ><\/div>\n\t\t\t\t\t\t\t\t\t\t\t<div class=\"elementor-gallery-item__overlay\"><\/div>\n\t\t\t\t\t\t\t\t\t\t\t\t\t\t<\/a>\n\t\t\t\t\t\t\t<a class=\"e-gallery-item elementor-gallery-item elementor-animated-content\" href=\"https:\/\/rc2tworld.net\/website\/wp-content\/uploads\/2025\/09\/Group-18.png\" data-elementor-open-lightbox=\"yes\" data-elementor-lightbox-slideshow=\"15355e0\" data-elementor-lightbox-title=\"Group 18\" data-e-action-hash=\"#elementor-action%3Aaction%3Dlightbox%26settings%3DeyJpZCI6NzY1MywidXJsIjoiaHR0cHM6XC9cL3JjMnR3b3JsZC5uZXRcL3dlYnNpdGVcL3dwLWNvbnRlbnRcL3VwbG9hZHNcLzIwMjVcLzA5XC9Hcm91cC0xOC5wbmciLCJzbGlkZXNob3ciOiIxNTM1NWUwIn0%3D\">\n\t\t\t\t\t<div class=\"e-gallery-image elementor-gallery-item__image\" data-thumbnail=\"https:\/\/rc2tworld.net\/website\/wp-content\/uploads\/2025\/09\/Group-18.png\" data-width=\"245\" data-height=\"134\" aria-label=\"\" role=\"img\" ><\/div>\n\t\t\t\t\t\t\t\t\t\t\t<div class=\"elementor-gallery-item__overlay\"><\/div>\n\t\t\t\t\t\t\t\t\t\t\t\t\t\t<\/a>\n\t\t\t\t\t\t\t<a class=\"e-gallery-item elementor-gallery-item elementor-animated-content\" href=\"https:\/\/rc2tworld.net\/website\/wp-content\/uploads\/2025\/09\/THAMM-.-OFII-5-2-e1746320303222-1-1.png\" data-elementor-open-lightbox=\"yes\" data-elementor-lightbox-slideshow=\"15355e0\" data-elementor-lightbox-title=\"THAMM-.-OFII-5-2-e1746320303222 (1) 1\" data-e-action-hash=\"#elementor-action%3Aaction%3Dlightbox%26settings%3DeyJpZCI6Nzc0NywidXJsIjoiaHR0cHM6XC9cL3JjMnR3b3JsZC5uZXRcL3dlYnNpdGVcL3dwLWNvbnRlbnRcL3VwbG9hZHNcLzIwMjVcLzA5XC9USEFNTS0uLU9GSUktNS0yLWUxNzQ2MzIwMzAzMjIyLTEtMS5wbmciLCJzbGlkZXNob3ciOiIxNTM1NWUwIn0%3D\">\n\t\t\t\t\t<div class=\"e-gallery-image elementor-gallery-item__image\" data-thumbnail=\"https:\/\/rc2tworld.net\/website\/wp-content\/uploads\/2025\/09\/THAMM-.-OFII-5-2-e1746320303222-1-1.png\" data-width=\"184\" data-height=\"183\" aria-label=\"\" role=\"img\" ><\/div>\n\t\t\t\t\t\t\t\t\t\t\t<div class=\"elementor-gallery-item__overlay\"><\/div>\n\t\t\t\t\t\t\t\t\t\t\t\t\t\t<\/a>\n\t\t\t\t\t\t\t<a class=\"e-gallery-item elementor-gallery-item elementor-animated-content\" href=\"https:\/\/rc2tworld.net\/website\/wp-content\/uploads\/2025\/09\/predictis_logo_q-1.png\" data-elementor-open-lightbox=\"yes\" data-elementor-lightbox-slideshow=\"15355e0\" data-elementor-lightbox-title=\"predictis_logo_q 1\" data-e-action-hash=\"#elementor-action%3Aaction%3Dlightbox%26settings%3DeyJpZCI6Nzc0NiwidXJsIjoiaHR0cHM6XC9cL3JjMnR3b3JsZC5uZXRcL3dlYnNpdGVcL3dwLWNvbnRlbnRcL3VwbG9hZHNcLzIwMjVcLzA5XC9wcmVkaWN0aXNfbG9nb19xLTEucG5nIiwic2xpZGVzaG93IjoiMTUzNTVlMCJ9\">\n\t\t\t\t\t<div class=\"e-gallery-image elementor-gallery-item__image\" data-thumbnail=\"https:\/\/rc2tworld.net\/website\/wp-content\/uploads\/2025\/09\/predictis_logo_q-1.png\" data-width=\"245\" data-height=\"82\" aria-label=\"\" role=\"img\" ><\/div>\n\t\t\t\t\t\t\t\t\t\t\t<div class=\"elementor-gallery-item__overlay\"><\/div>\n\t\t\t\t\t\t\t\t\t\t\t\t\t\t<\/a>\n\t\t\t\t\t\t\t<a class=\"e-gallery-item elementor-gallery-item elementor-animated-content\" href=\"https:\/\/rc2tworld.net\/website\/wp-content\/uploads\/2025\/09\/Group-20.png\" data-elementor-open-lightbox=\"yes\" data-elementor-lightbox-slideshow=\"15355e0\" data-elementor-lightbox-title=\"Group 20\" data-e-action-hash=\"#elementor-action%3Aaction%3Dlightbox%26settings%3DeyJpZCI6NzY1NSwidXJsIjoiaHR0cHM6XC9cL3JjMnR3b3JsZC5uZXRcL3dlYnNpdGVcL3dwLWNvbnRlbnRcL3VwbG9hZHNcLzIwMjVcLzA5XC9Hcm91cC0yMC5wbmciLCJzbGlkZXNob3ciOiIxNTM1NWUwIn0%3D\">\n\t\t\t\t\t<div class=\"e-gallery-image elementor-gallery-item__image\" data-thumbnail=\"https:\/\/rc2tworld.net\/website\/wp-content\/uploads\/2025\/09\/Group-20.png\" data-width=\"245\" data-height=\"134\" aria-label=\"\" role=\"img\" ><\/div>\n\t\t\t\t\t\t\t\t\t\t\t<div class=\"elementor-gallery-item__overlay\"><\/div>\n\t\t\t\t\t\t\t\t\t\t\t\t\t\t<\/a>\n\t\t\t\t\t\t\t<a class=\"e-gallery-item elementor-gallery-item elementor-animated-content\" href=\"https:\/\/rc2tworld.net\/website\/wp-content\/uploads\/2025\/09\/Group-23.png\" data-elementor-open-lightbox=\"yes\" data-elementor-lightbox-slideshow=\"15355e0\" data-elementor-lightbox-title=\"Group 23\" data-e-action-hash=\"#elementor-action%3Aaction%3Dlightbox%26settings%3DeyJpZCI6NzY1NywidXJsIjoiaHR0cHM6XC9cL3JjMnR3b3JsZC5uZXRcL3dlYnNpdGVcL3dwLWNvbnRlbnRcL3VwbG9hZHNcLzIwMjVcLzA5XC9Hcm91cC0yMy5wbmciLCJzbGlkZXNob3ciOiIxNTM1NWUwIn0%3D\">\n\t\t\t\t\t<div class=\"e-gallery-image elementor-gallery-item__image\" data-thumbnail=\"https:\/\/rc2tworld.net\/website\/wp-content\/uploads\/2025\/09\/Group-23.png\" data-width=\"245\" data-height=\"134\" aria-label=\"\" role=\"img\" ><\/div>\n\t\t\t\t\t\t\t\t\t\t\t<div class=\"elementor-gallery-item__overlay\"><\/div>\n\t\t\t\t\t\t\t\t\t\t\t\t\t\t<\/a>\n\t\t\t\t\t\t\t<a class=\"e-gallery-item elementor-gallery-item elementor-animated-content\" href=\"https:\/\/rc2tworld.net\/website\/wp-content\/uploads\/2025\/09\/Group-21.png\" data-elementor-open-lightbox=\"yes\" data-elementor-lightbox-slideshow=\"15355e0\" data-elementor-lightbox-title=\"Group 21\" data-e-action-hash=\"#elementor-action%3Aaction%3Dlightbox%26settings%3DeyJpZCI6NzY1NiwidXJsIjoiaHR0cHM6XC9cL3JjMnR3b3JsZC5uZXRcL3dlYnNpdGVcL3dwLWNvbnRlbnRcL3VwbG9hZHNcLzIwMjVcLzA5XC9Hcm91cC0yMS5wbmciLCJzbGlkZXNob3ciOiIxNTM1NWUwIn0%3D\">\n\t\t\t\t\t<div class=\"e-gallery-image elementor-gallery-item__image\" data-thumbnail=\"https:\/\/rc2tworld.net\/website\/wp-content\/uploads\/2025\/09\/Group-21.png\" data-width=\"245\" data-height=\"134\" aria-label=\"\" role=\"img\" ><\/div>\n\t\t\t\t\t\t\t\t\t\t\t<div class=\"elementor-gallery-item__overlay\"><\/div>\n\t\t\t\t\t\t\t\t\t\t\t\t\t\t<\/a>\n\t\t\t\t\t\t\t<a class=\"e-gallery-item elementor-gallery-item elementor-animated-content\" href=\"https:\/\/rc2tworld.net\/website\/wp-content\/uploads\/2025\/09\/Hadhoud26472644-1519-x-1514-px-1-2-e1746320933710-1.png\" data-elementor-open-lightbox=\"yes\" data-elementor-lightbox-slideshow=\"15355e0\" data-elementor-lightbox-title=\"Hadhoud26472644-1519-x-1514-px-1-2-e1746320933710 1\" data-e-action-hash=\"#elementor-action%3Aaction%3Dlightbox%26settings%3DeyJpZCI6Nzc0NSwidXJsIjoiaHR0cHM6XC9cL3JjMnR3b3JsZC5uZXRcL3dlYnNpdGVcL3dwLWNvbnRlbnRcL3VwbG9hZHNcLzIwMjVcLzA5XC9IYWRob3VkMjY0NzI2NDQtMTUxOS14LTE1MTQtcHgtMS0yLWUxNzQ2MzIwOTMzNzEwLTEucG5nIiwic2xpZGVzaG93IjoiMTUzNTVlMCJ9\">\n\t\t\t\t\t<div class=\"e-gallery-image elementor-gallery-item__image\" data-thumbnail=\"https:\/\/rc2tworld.net\/website\/wp-content\/uploads\/2025\/09\/Hadhoud26472644-1519-x-1514-px-1-2-e1746320933710-1.png\" data-width=\"247\" data-height=\"82\" aria-label=\"\" role=\"img\" ><\/div>\n\t\t\t\t\t\t\t\t\t\t\t<div class=\"elementor-gallery-item__overlay\"><\/div>\n\t\t\t\t\t\t\t\t\t\t\t\t\t\t<\/a>\n\t\t\t\t\t\t\t<a class=\"e-gallery-item elementor-gallery-item elementor-animated-content\" href=\"https:\/\/rc2tworld.net\/website\/wp-content\/uploads\/2025\/09\/Hadhoud26472644-1519-x-1514-px-3-1.png\" data-elementor-open-lightbox=\"yes\" data-elementor-lightbox-slideshow=\"15355e0\" data-elementor-lightbox-title=\"Hadhoud26472644-1519-x-1514-px-3 1\" data-e-action-hash=\"#elementor-action%3Aaction%3Dlightbox%26settings%3DeyJpZCI6Nzc0OCwidXJsIjoiaHR0cHM6XC9cL3JjMnR3b3JsZC5uZXRcL3dlYnNpdGVcL3dwLWNvbnRlbnRcL3VwbG9hZHNcLzIwMjVcLzA5XC9IYWRob3VkMjY0NzI2NDQtMTUxOS14LTE1MTQtcHgtMy0xLnBuZyIsInNsaWRlc2hvdyI6IjE1MzU1ZTAifQ%3D%3D\">\n\t\t\t\t\t<div class=\"e-gallery-image elementor-gallery-item__image\" data-thumbnail=\"https:\/\/rc2tworld.net\/website\/wp-content\/uploads\/2025\/09\/Hadhoud26472644-1519-x-1514-px-3-1.png\" data-width=\"135\" data-height=\"135\" aria-label=\"\" role=\"img\" ><\/div>\n\t\t\t\t\t\t\t\t\t\t\t<div class=\"elementor-gallery-item__overlay\"><\/div>\n\t\t\t\t\t\t\t\t\t\t\t\t\t\t<\/a>\n\t\t\t\t\t<\/div>\n\t\t\t\t\t<\/div>\n\t\t\t\t<\/div>\n\t\t<div class=\"elementor-element elementor-element-7735914 e-con-full e-flex e-con e-child\" data-id=\"7735914\" data-element_type=\"container\">\n\t\t\t\t<div class=\"elementor-element elementor-element-0751394 elementor-position-top elementor-widget elementor-widget-image-box\" data-id=\"0751394\" data-element_type=\"widget\" data-widget_type=\"image-box.default\">\n\t\t\t\t\t<div class=\"elementor-image-box-wrapper\"><figure class=\"elementor-image-box-img\"><img fetchpriority=\"high\" decoding=\"async\" width=\"276\" height=\"257\" src=\"https:\/\/rc2tworld.net\/website\/wp-content\/uploads\/2025\/09\/Group-34.png\" class=\"attachment-full size-full wp-image-7749\" alt=\"\" \/><\/figure><div class=\"elementor-image-box-content\"><p class=\"elementor-image-box-description\">\u00a0Sponsoring Platine<\/p><\/div><\/div>\t\t\t\t<\/div>\n\t\t\t\t<div class=\"elementor-element elementor-element-f9d3656 elementor-position-top elementor-widget elementor-widget-image-box\" data-id=\"f9d3656\" data-element_type=\"widget\" data-widget_type=\"image-box.default\">\n\t\t\t\t\t<div class=\"elementor-image-box-wrapper\"><figure class=\"elementor-image-box-img\"><img decoding=\"async\" width=\"276\" height=\"257\" src=\"https:\/\/rc2tworld.net\/website\/wp-content\/uploads\/2025\/09\/Group-35.png\" class=\"attachment-full size-full wp-image-7750\" alt=\"\" \/><\/figure><div class=\"elementor-image-box-content\"><p class=\"elementor-image-box-description\">\u00a0Sponsoring Or<\/p><\/div><\/div>\t\t\t\t<\/div>\n\t\t\t\t<div class=\"elementor-element elementor-element-1de05fb elementor-position-top elementor-widget elementor-widget-image-box\" data-id=\"1de05fb\" data-element_type=\"widget\" data-widget_type=\"image-box.default\">\n\t\t\t\t\t<div class=\"elementor-image-box-wrapper\"><figure class=\"elementor-image-box-img\"><img decoding=\"async\" width=\"276\" height=\"257\" src=\"https:\/\/rc2tworld.net\/website\/wp-content\/uploads\/2025\/09\/Group-36.png\" class=\"attachment-large size-large wp-image-7751\" alt=\"\" \/><\/figure><div class=\"elementor-image-box-content\"><p class=\"elementor-image-box-description\">\u00a0Sponsoring Argent<\/p><\/div><\/div>\t\t\t\t<\/div>\n\t\t\t\t<\/div>\n\t\t\t\t\t<\/div>\n\t\t\t\t<\/div>\n\t\t\t\t<\/div>\n\t\t","protected":false},"excerpt":{"rendered":"<p>Nos Sponsors Nos sponsors sont bien plus que des partenaires financiers. Gr\u00e2ce \u00e0 leur soutien, Connect Tunisia a pu donner vie \u00e0 une vision ambitieuse, cr\u00e9er des opportunit\u00e9s pour les<\/p>\n","protected":false},"author":1,"featured_media":0,"parent":0,"menu_order":0,"comment_status":"closed","ping_status":"closed","template":"","meta":{"footnotes":""},"class_list":["post-7718","page","type-page","status-publish","hentry"],"_links":{"self":[{"href":"https:\/\/rc2tworld.net\/website\/wp-json\/wp\/v2\/pages\/7718","targetHints":{"allow":["GET"]}}],"collection":[{"href":"https:\/\/rc2tworld.net\/website\/wp-json\/wp\/v2\/pages"}],"about":[{"href":"https:\/\/rc2tworld.net\/website\/wp-json\/wp\/v2\/types\/page"}],"author":[{"embeddable":true,"href":"https:\/\/rc2tworld.net\/website\/wp-json\/wp\/v2\/users\/1"}],"replies":[{"embeddable":true,"href":"https:\/\/rc2tworld.net\/website\/wp-json\/wp\/v2\/comments?post=7718"}],"version-history":[{"count":32,"href":"https:\/\/rc2tworld.net\/website\/wp-json\/wp\/v2\/pages\/7718\/revisions"}],"predecessor-version":[{"id":8490,"href":"https:\/\/rc2tworld.net\/website\/wp-json\/wp\/v2\/pages\/7718\/revisions\/8490"}],"wp:attachment":[{"href":"https:\/\/rc2tworld.net\/website\/wp-json\/wp\/v2\/media?parent=7718"}],"curies":[{"name":"wp","href":"https:\/\/api.w.org\/{rel}","templated":true}]}}