{"id":8188,"date":"2025-10-30T10:28:19","date_gmt":"2025-10-30T09:28:19","guid":{"rendered":"https:\/\/rctt.ratnafy.com\/?page_id=8188"},"modified":"2025-11-17T11:36:13","modified_gmt":"2025-11-17T10:36:13","slug":"club-sante","status":"publish","type":"page","link":"https:\/\/rc2tworld.net\/website\/club-sante\/","title":{"rendered":"Club Sant\u00e9"},"content":{"rendered":"\t\t<div data-elementor-type=\"wp-page\" data-elementor-id=\"8188\" class=\"elementor elementor-8188\" data-elementor-post-type=\"page\">\n\t\t\t\t<div class=\"elementor-element elementor-element-b4826ca e-flex e-con-boxed e-con e-parent\" data-id=\"b4826ca\" data-element_type=\"container\">\n\t\t\t\t\t<div class=\"e-con-inner\">\n\t\t<div class=\"elementor-element elementor-element-cd7cf5f e-con-full e-flex e-con e-child\" data-id=\"cd7cf5f\" data-element_type=\"container\">\n\t\t\t\t<div class=\"elementor-element elementor-element-c23d6ca elementor-widget elementor-widget-spacer\" data-id=\"c23d6ca\" data-element_type=\"widget\" data-widget_type=\"spacer.default\">\n\t\t\t\t\t\t\t<div class=\"elementor-spacer\">\n\t\t\t<div class=\"elementor-spacer-inner\"><\/div>\n\t\t<\/div>\n\t\t\t\t\t\t<\/div>\n\t\t\t\t<div class=\"elementor-element elementor-element-c502c72 elementor-widget elementor-widget-heading\" data-id=\"c502c72\" data-element_type=\"widget\" data-widget_type=\"heading.default\">\n\t\t\t\t\t<h1 class=\"elementor-heading-title elementor-size-default\">Pr\u00e9sentation du Club Sant\u00e9 RC2T<\/h1>\t\t\t\t<\/div>\n\t\t\t\t<div class=\"elementor-element elementor-element-69afb6e elementor-widget-divider--view-line elementor-widget elementor-widget-divider\" data-id=\"69afb6e\" data-element_type=\"widget\" data-widget_type=\"divider.default\">\n\t\t\t\t\t\t\t<div class=\"elementor-divider\">\n\t\t\t<span class=\"elementor-divider-separator\">\n\t\t\t\t\t\t<\/span>\n\t\t<\/div>\n\t\t\t\t\t\t<\/div>\n\t\t\t\t<div class=\"elementor-element elementor-element-94c160d elementor-widget elementor-widget-text-editor\" data-id=\"94c160d\" data-element_type=\"widget\" data-widget_type=\"text-editor.default\">\n\t\t\t\t\t\t\t\t\t<p style=\"color: #161c2d;\">Le Club Sant\u00e9 du R\u00e9seau des Comp\u00e9tences Tunisiennes \u00e0 Toulouse (RC2T) est un espace de rencontre, d\u2019\u00e9change et de collaboration d\u00e9di\u00e9 aux professionnels de sant\u00e9 d\u2019origine tunisienne exer\u00e7ant \u00e0 Toulouse et dans le Sud-Ouest.<\/p>\n<p style=\"color: #161c2d;\">Cr\u00e9\u00e9 pour <strong>renforcer<\/strong> les liens entre <strong>praticiens, chercheurs, ing\u00e9nieurs, \u00e9tudiants et autres acteurs du secteur m\u00e9dical<\/strong>, le Club Sant\u00e9 favorise le <strong>partage d\u2019exp\u00e9riences<\/strong>, le <strong>d\u00e9veloppement professionnel<\/strong> et la <strong>cr\u00e9ation d\u2019opportunit\u00e9s<\/strong> concr\u00e8tes au sein d\u2019une communaut\u00e9 bienveillante et dynamique.<\/p>\n\t\t\t\t\t\t\t\t<\/div>\n\t\t\t\t<div class=\"elementor-element elementor-element-3d94f36 elementor-widget elementor-widget-spacer\" data-id=\"3d94f36\" data-element_type=\"widget\" data-widget_type=\"spacer.default\">\n\t\t\t\t\t\t\t<div class=\"elementor-spacer\">\n\t\t\t<div class=\"elementor-spacer-inner\"><\/div>\n\t\t<\/div>\n\t\t\t\t\t\t<\/div>\n\t\t\t\t<\/div>\n\t\t<div class=\"elementor-element elementor-element-dcaee94 e-con-full elementor-hidden-mobile e-flex e-con e-child\" data-id=\"dcaee94\" data-element_type=\"container\" data-settings=\"{&quot;background_background&quot;:&quot;classic&quot;}\">\n\t\t\t\t<\/div>\n\t\t\t\t\t<\/div>\n\t\t\t\t<\/div>\n\t\t<div class=\"elementor-element elementor-element-9a3b82c e-flex e-con-boxed e-con e-parent\" data-id=\"9a3b82c\" data-element_type=\"container\">\n\t\t\t\t\t<div class=\"e-con-inner\">\n\t\t<div class=\"elementor-element elementor-element-a09d92c e-con-full e-flex e-con e-child\" data-id=\"a09d92c\" data-element_type=\"container\">\n\t\t\t\t<div class=\"elementor-element elementor-element-3c96368 elementor-widget elementor-widget-heading\" data-id=\"3c96368\" data-element_type=\"widget\" data-widget_type=\"heading.default\">\n\t\t\t\t\t<h1 class=\"elementor-heading-title elementor-size-default\">Nos valeurs et nos objectifs<\/h1>\t\t\t\t<\/div>\n\t\t\t\t<div class=\"elementor-element elementor-element-2b0a96c elementor-widget elementor-widget-text-editor\" data-id=\"2b0a96c\" data-element_type=\"widget\" data-widget_type=\"text-editor.default\">\n\t\t\t\t\t\t\t\t\t<p style=\"color: #161c2d;\">Le Club Sant\u00e9 incarne une volont\u00e9 commune : <strong data-start=\"1009\" data-end=\"1078\">valoriser les comp\u00e9tences tunisiennes dans le domaine de la sant\u00e9<\/strong> et encourager une <strong data-start=\"1097\" data-end=\"1140\">collaboration durable entre ses membres<\/strong>.<\/p>\n\t\t\t\t\t\t\t\t<\/div>\n\t\t\t\t<\/div>\n\t\t<div class=\"elementor-element elementor-element-2a4ee9e e-con-full elementor-hidden-tablet elementor-hidden-mobile e-flex e-con e-child\" data-id=\"2a4ee9e\" data-element_type=\"container\">\n\t\t<div class=\"elementor-element elementor-element-83c424c e-con-full e-flex e-con e-child\" data-id=\"83c424c\" data-element_type=\"container\">\n\t\t\t\t<div class=\"elementor-element elementor-element-03993ea elementor-position-top elementor-widget elementor-widget-image-box\" data-id=\"03993ea\" data-element_type=\"widget\" data-widget_type=\"image-box.default\">\n\t\t\t\t\t<div class=\"elementor-image-box-wrapper\"><figure class=\"elementor-image-box-img\"><img decoding=\"async\" width=\"110\" height=\"110\" src=\"https:\/\/rc2tworld.net\/website\/wp-content\/uploads\/2025\/09\/imageedit_2_6577602575.png\" class=\"attachment-full size-full wp-image-7701\" alt=\"\" srcset=\"https:\/\/rc2tworld.net\/website\/wp-content\/uploads\/2025\/09\/imageedit_2_6577602575.png 110w, https:\/\/rc2tworld.net\/website\/wp-content\/uploads\/2025\/09\/imageedit_2_6577602575-50x50.png 50w\" sizes=\"(max-width: 110px) 100vw, 110px\" \/><\/figure><div class=\"elementor-image-box-content\"><h3 class=\"elementor-image-box-title\">Promouvoir le r\u00e9seautage et la coop\u00e9ration interprofessionnelle<\/h3><\/div><\/div>\t\t\t\t<\/div>\n\t\t\t\t<\/div>\n\t\t<div class=\"elementor-element elementor-element-03cea27 e-con-full e-flex e-con e-child\" data-id=\"03cea27\" data-element_type=\"container\">\n\t\t\t\t<div class=\"elementor-element elementor-element-5ef8f50 elementor-position-top elementor-widget elementor-widget-image-box\" data-id=\"5ef8f50\" data-element_type=\"widget\" data-widget_type=\"image-box.default\">\n\t\t\t\t\t<div class=\"elementor-image-box-wrapper\"><figure class=\"elementor-image-box-img\"><img decoding=\"async\" width=\"128\" height=\"128\" src=\"https:\/\/rc2tworld.net\/website\/wp-content\/uploads\/2025\/10\/adn.png\" class=\"attachment-full size-full wp-image-8191\" alt=\"\" srcset=\"https:\/\/rc2tworld.net\/website\/wp-content\/uploads\/2025\/10\/adn.png 128w, https:\/\/rc2tworld.net\/website\/wp-content\/uploads\/2025\/10\/adn-50x50.png 50w\" sizes=\"(max-width: 128px) 100vw, 128px\" \/><\/figure><div class=\"elementor-image-box-content\"><h3 class=\"elementor-image-box-title\">Soutenir le d\u00e9veloppement de projets scientifiques, m\u00e9dicaux et technologiques<\/h3><\/div><\/div>\t\t\t\t<\/div>\n\t\t\t\t<\/div>\n\t\t<div class=\"elementor-element elementor-element-f61b7df e-con-full e-flex e-con e-child\" data-id=\"f61b7df\" data-element_type=\"container\">\n\t\t\t\t<div class=\"elementor-element elementor-element-5f5082a elementor-position-top elementor-widget elementor-widget-image-box\" data-id=\"5f5082a\" data-element_type=\"widget\" data-widget_type=\"image-box.default\">\n\t\t\t\t\t<div class=\"elementor-image-box-wrapper\"><figure class=\"elementor-image-box-img\"><img decoding=\"async\" width=\"128\" height=\"128\" src=\"https:\/\/rc2tworld.net\/website\/wp-content\/uploads\/2025\/10\/medical-team.png\" class=\"attachment-full size-full wp-image-8192\" alt=\"\" srcset=\"https:\/\/rc2tworld.net\/website\/wp-content\/uploads\/2025\/10\/medical-team.png 128w, https:\/\/rc2tworld.net\/website\/wp-content\/uploads\/2025\/10\/medical-team-50x50.png 50w\" sizes=\"(max-width: 128px) 100vw, 128px\" \/><\/figure><div class=\"elementor-image-box-content\"><h3 class=\"elementor-image-box-title\">Offrir un espace d\u2019entraide pour les jeunes professionnels et \u00e9tudiants en sant\u00e9<\/h3><\/div><\/div>\t\t\t\t<\/div>\n\t\t\t\t<\/div>\n\t\t<div class=\"elementor-element elementor-element-d9a0536 e-con-full e-flex e-con e-child\" data-id=\"d9a0536\" data-element_type=\"container\">\n\t\t\t\t<div class=\"elementor-element elementor-element-d3acdca elementor-position-top elementor-widget elementor-widget-image-box\" data-id=\"d3acdca\" data-element_type=\"widget\" data-widget_type=\"image-box.default\">\n\t\t\t\t\t<div class=\"elementor-image-box-wrapper\"><figure class=\"elementor-image-box-img\"><img loading=\"lazy\" decoding=\"async\" width=\"128\" height=\"128\" src=\"https:\/\/rc2tworld.net\/website\/wp-content\/uploads\/2025\/10\/globe.png\" class=\"attachment-full size-full wp-image-8193\" alt=\"\" srcset=\"https:\/\/rc2tworld.net\/website\/wp-content\/uploads\/2025\/10\/globe.png 128w, https:\/\/rc2tworld.net\/website\/wp-content\/uploads\/2025\/10\/globe-50x50.png 50w\" sizes=\"(max-width: 128px) 100vw, 128px\" \/><\/figure><div class=\"elementor-image-box-content\"><h3 class=\"elementor-image-box-title\">Contribuer au rayonnement de la communaut\u00e9 tunisienne dans le secteur m\u00e9dical fran\u00e7ais<\/h3><\/div><\/div>\t\t\t\t<\/div>\n\t\t\t\t<\/div>\n\t\t\t\t<\/div>\n\t\t<div class=\"elementor-element elementor-element-b04efe6 e-con-full elementor-hidden-desktop e-flex e-con e-child\" data-id=\"b04efe6\" data-element_type=\"container\">\n\t\t<div class=\"elementor-element elementor-element-0f7f046 e-con-full e-flex e-con e-child\" data-id=\"0f7f046\" data-element_type=\"container\">\n\t\t<div class=\"elementor-element elementor-element-380d694 e-con-full e-flex e-con e-child\" data-id=\"380d694\" data-element_type=\"container\">\n\t\t\t\t<div class=\"elementor-element elementor-element-9dfde42 elementor-position-top elementor-widget elementor-widget-image-box\" data-id=\"9dfde42\" data-element_type=\"widget\" data-widget_type=\"image-box.default\">\n\t\t\t\t\t<div class=\"elementor-image-box-wrapper\"><figure class=\"elementor-image-box-img\"><img decoding=\"async\" width=\"110\" height=\"110\" src=\"https:\/\/rc2tworld.net\/website\/wp-content\/uploads\/2025\/09\/imageedit_2_6577602575.png\" class=\"attachment-full size-full wp-image-7701\" alt=\"\" srcset=\"https:\/\/rc2tworld.net\/website\/wp-content\/uploads\/2025\/09\/imageedit_2_6577602575.png 110w, https:\/\/rc2tworld.net\/website\/wp-content\/uploads\/2025\/09\/imageedit_2_6577602575-50x50.png 50w\" sizes=\"(max-width: 110px) 100vw, 110px\" \/><\/figure><div class=\"elementor-image-box-content\"><h3 class=\"elementor-image-box-title\">Promouvoir le r\u00e9seautage et la coop\u00e9ration interprofessionnelle<\/h3><\/div><\/div>\t\t\t\t<\/div>\n\t\t\t\t<\/div>\n\t\t<div class=\"elementor-element elementor-element-04d3914 e-con-full e-flex e-con e-child\" data-id=\"04d3914\" data-element_type=\"container\">\n\t\t\t\t<div class=\"elementor-element elementor-element-7e8a4dc elementor-position-top elementor-widget elementor-widget-image-box\" data-id=\"7e8a4dc\" data-element_type=\"widget\" data-widget_type=\"image-box.default\">\n\t\t\t\t\t<div class=\"elementor-image-box-wrapper\"><figure class=\"elementor-image-box-img\"><img decoding=\"async\" width=\"128\" height=\"128\" src=\"https:\/\/rc2tworld.net\/website\/wp-content\/uploads\/2025\/10\/adn.png\" class=\"attachment-full size-full wp-image-8191\" alt=\"\" srcset=\"https:\/\/rc2tworld.net\/website\/wp-content\/uploads\/2025\/10\/adn.png 128w, https:\/\/rc2tworld.net\/website\/wp-content\/uploads\/2025\/10\/adn-50x50.png 50w\" sizes=\"(max-width: 128px) 100vw, 128px\" \/><\/figure><div class=\"elementor-image-box-content\"><h3 class=\"elementor-image-box-title\">Soutenir le d\u00e9veloppement de projets scientifiques, m\u00e9dicaux et technologiques<\/h3><\/div><\/div>\t\t\t\t<\/div>\n\t\t\t\t<\/div>\n\t\t\t\t<\/div>\n\t\t<div class=\"elementor-element elementor-element-0ac9ade e-con-full e-flex e-con e-child\" data-id=\"0ac9ade\" data-element_type=\"container\">\n\t\t<div class=\"elementor-element elementor-element-d5ecbd5 e-con-full e-flex e-con e-child\" data-id=\"d5ecbd5\" data-element_type=\"container\">\n\t\t\t\t<div class=\"elementor-element elementor-element-5c5d1fe elementor-position-top elementor-widget elementor-widget-image-box\" data-id=\"5c5d1fe\" data-element_type=\"widget\" data-widget_type=\"image-box.default\">\n\t\t\t\t\t<div class=\"elementor-image-box-wrapper\"><figure class=\"elementor-image-box-img\"><img decoding=\"async\" width=\"128\" height=\"128\" src=\"https:\/\/rc2tworld.net\/website\/wp-content\/uploads\/2025\/10\/medical-team.png\" class=\"attachment-full size-full wp-image-8192\" alt=\"\" srcset=\"https:\/\/rc2tworld.net\/website\/wp-content\/uploads\/2025\/10\/medical-team.png 128w, https:\/\/rc2tworld.net\/website\/wp-content\/uploads\/2025\/10\/medical-team-50x50.png 50w\" sizes=\"(max-width: 128px) 100vw, 128px\" \/><\/figure><div class=\"elementor-image-box-content\"><h3 class=\"elementor-image-box-title\">Offrir un espace d\u2019entraide pour les jeunes professionnels et \u00e9tudiants en sant\u00e9<\/h3><\/div><\/div>\t\t\t\t<\/div>\n\t\t\t\t<\/div>\n\t\t<div class=\"elementor-element elementor-element-9bb9fc2 e-con-full e-flex e-con e-child\" data-id=\"9bb9fc2\" data-element_type=\"container\">\n\t\t\t\t<div class=\"elementor-element elementor-element-82ad988 elementor-position-top elementor-widget elementor-widget-image-box\" data-id=\"82ad988\" data-element_type=\"widget\" data-widget_type=\"image-box.default\">\n\t\t\t\t\t<div class=\"elementor-image-box-wrapper\"><figure class=\"elementor-image-box-img\"><img loading=\"lazy\" decoding=\"async\" width=\"128\" height=\"128\" src=\"https:\/\/rc2tworld.net\/website\/wp-content\/uploads\/2025\/10\/globe.png\" class=\"attachment-full size-full wp-image-8193\" alt=\"\" srcset=\"https:\/\/rc2tworld.net\/website\/wp-content\/uploads\/2025\/10\/globe.png 128w, https:\/\/rc2tworld.net\/website\/wp-content\/uploads\/2025\/10\/globe-50x50.png 50w\" sizes=\"(max-width: 128px) 100vw, 128px\" \/><\/figure><div class=\"elementor-image-box-content\"><h3 class=\"elementor-image-box-title\">Contribuer au rayonnement de la communaut\u00e9 tunisienne dans le secteur m\u00e9dical fran\u00e7ais<\/h3><\/div><\/div>\t\t\t\t<\/div>\n\t\t\t\t<\/div>\n\t\t\t\t<\/div>\n\t\t\t\t<\/div>\n\t\t\t\t\t<\/div>\n\t\t\t\t<\/div>\n\t\t<div class=\"elementor-element elementor-element-201943a e-flex e-con-boxed e-con e-parent\" data-id=\"201943a\" data-element_type=\"container\">\n\t\t\t\t\t<div class=\"e-con-inner\">\n\t\t<div class=\"elementor-element elementor-element-cea41eb e-con-full e-flex e-con e-child\" data-id=\"cea41eb\" data-element_type=\"container\">\n\t\t\t\t<div class=\"elementor-element elementor-element-57afa17 elementor-widget elementor-widget-heading\" data-id=\"57afa17\" data-element_type=\"widget\" data-widget_type=\"heading.default\">\n\t\t\t\t\t<h1 class=\"elementor-heading-title elementor-size-default\">Rejoignez la communaut\u00e9<\/h1>\t\t\t\t<\/div>\n\t\t\t\t<\/div>\n\t\t<div class=\"elementor-element elementor-element-e824aea e-con-full e-flex e-con e-child\" data-id=\"e824aea\" data-element_type=\"container\">\n\t\t\t\t<div class=\"elementor-element elementor-element-07e7454 elementor-widget elementor-widget-text-editor\" data-id=\"07e7454\" data-element_type=\"widget\" data-widget_type=\"text-editor.default\">\n\t\t\t\t\t\t\t\t\t<p style=\"color: #161c2d;\">\u00c0 travers des \u00e9v\u00e9nements r\u00e9guliers, un r\u00e9seau actif et des ressources utiles, le Club Sant\u00e9 offre un cadre propice \u00e0 l\u2019\u00e9change, \u00e0 l\u2019inspiration et \u00e0 la mise en avant des talents.<\/p>\n\t\t\t\t\t\t\t\t<\/div>\n\t\t\t\t<div class=\"elementor-element elementor-element-85d40a1 elementor-widget elementor-widget-text-editor\" data-id=\"85d40a1\" data-element_type=\"widget\" data-widget_type=\"text-editor.default\">\n\t\t\t\t\t\t\t\t\t<p style=\"color: #161c2d;\">En rejoignant le Club Sant\u00e9, vous prenez part \u00e0 une dynamique collective qui stimule la collaboration et fait rayonner les talents tunisiens du secteur m\u00e9dical.<\/p>\n\t\t\t\t\t\t\t\t<\/div>\n\t\t\t\t<\/div>\n\t\t\t\t<div class=\"elementor-element elementor-element-d93e5d6 elementor-widget elementor-widget-html\" data-id=\"d93e5d6\" data-element_type=\"widget\" data-widget_type=\"html.default\">\n\t\t\t\t\t<iframe \r\n    id=\"haWidget\" \r\n    allowtransparency=\"true\"\r\n    src=\"https:\/\/www.helloasso.com\/associations\/rctt\/adhesions\/adhesion-au-rctt\/widget\"\r\n    style=\"width: 100%; border: none; overflow: hidden;\"\r\n><\/iframe>\r\n\r\n<script>\r\ndocument.addEventListener(\"DOMContentLoaded\", function () {\r\n    const haWidget = document.getElementById(\"haWidget\");\r\n\r\n    if (!window._haWidgetListenerAdded) { \r\n        window._haWidgetListenerAdded = true;\r\n\r\n        window.addEventListener(\"message\", function (e) {\r\n            if (e.data && e.data.height) {\r\n                haWidget.style.height = e.data.height + \"px\";\r\n            }\r\n        });\r\n    }\r\n});\r\n<\/script>\r\n\t\t\t\t<\/div>\n\t\t\t\t\t<\/div>\n\t\t\t\t<\/div>\n\t\t\t\t<\/div>\n\t\t","protected":false},"excerpt":{"rendered":"<p>Pr\u00e9sentation du Club Sant\u00e9 RC2T Le Club Sant\u00e9 du R\u00e9seau des Comp\u00e9tences Tunisiennes \u00e0 Toulouse (RC2T) est un espace de rencontre, d\u2019\u00e9change et de collaboration d\u00e9di\u00e9 aux professionnels de sant\u00e9<\/p>\n","protected":false},"author":1,"featured_media":0,"parent":0,"menu_order":0,"comment_status":"closed","ping_status":"closed","template":"","meta":{"footnotes":""},"class_list":["post-8188","page","type-page","status-publish","hentry"],"_links":{"self":[{"href":"https:\/\/rc2tworld.net\/website\/wp-json\/wp\/v2\/pages\/8188","targetHints":{"allow":["GET"]}}],"collection":[{"href":"https:\/\/rc2tworld.net\/website\/wp-json\/wp\/v2\/pages"}],"about":[{"href":"https:\/\/rc2tworld.net\/website\/wp-json\/wp\/v2\/types\/page"}],"author":[{"embeddable":true,"href":"https:\/\/rc2tworld.net\/website\/wp-json\/wp\/v2\/users\/1"}],"replies":[{"embeddable":true,"href":"https:\/\/rc2tworld.net\/website\/wp-json\/wp\/v2\/comments?post=8188"}],"version-history":[{"count":19,"href":"https:\/\/rc2tworld.net\/website\/wp-json\/wp\/v2\/pages\/8188\/revisions"}],"predecessor-version":[{"id":8280,"href":"https:\/\/rc2tworld.net\/website\/wp-json\/wp\/v2\/pages\/8188\/revisions\/8280"}],"wp:attachment":[{"href":"https:\/\/rc2tworld.net\/website\/wp-json\/wp\/v2\/media?parent=8188"}],"curies":[{"name":"wp","href":"https:\/\/api.w.org\/{rel}","templated":true}]}}